{"id":14,"date":"2020-11-06T09:57:15","date_gmt":"2020-11-06T12:57:15","guid":{"rendered":"https:\/\/femp.com.br\/?page_id=14"},"modified":"2025-01-06T16:45:20","modified_gmt":"2025-01-06T19:45:20","slug":"homepage","status":"publish","type":"page","link":"https:\/\/femp.com.br\/en\/","title":{"rendered":"Target"},"content":{"rendered":"<div id=\"themify_builder_content-14\" data-postid=\"14\" class=\"themify_builder_content themify_builder_content-14 themify_builder tf_clear\">\n    \t<!-- module_row -->\n\t<div   data-anchor=\"homepage\" data-css_id=\"tb_cc9232f\" data-lazy=\"1\" class=\"themify_builder_row module_row fullcover fullwidth_row_container tb_has_section tb_section-homepage tb_cc9232f tb_first clearfix module_row_section\">\n\t    \t\t\t\t\t\t<div class=\"tf_abs tf_hide tb_row_frame tb_row_frame_bottom in_front\"><\/div>\n\t\t\t\t\t\t\t    <div class=\"row_inner col_align_middle tf_box tf_w tf_rel\" >\n\t\t\t<div  data-lazy=\"1\" class=\"module_column tb-column col4-2 first tb_8d3bc2f tf_box\" >\n\t    \t    \t        <div class=\"tb-column-inner tf_box tf_w\">\n\t\t    <!-- module text -->\n<div  class=\"module module-text tb_e4b5b80  repeat\" data-lazy=\"1\">\n            <div  class=\"tb_text_wrap\">\n    <p>Investing in the success of entrepreneurs, startups, philanthropic organizations and businesses.<\/p>    <\/div>\n<\/div>\n<!-- \/module text --><!-- module buttons -->\n<div  class=\"module module-buttons tb_1083050 buttons-horizontal solid  circle\" data-lazy=\"1\">\n            \t<div class=\"module-buttons-item tf_inline_b\">\n\t    \t\t    <a href=\"\/en\/#contato\" class=\"ui builder_button light-blue\" >\n\t\t\t\t        \t\t<span class=\"tf_inline_b tf_vmiddle\">Contact us<\/span>\n\t\t    \t\t    \t\t    <\/a>\n\t\t        \t<\/div>\n\t    <\/div>\n<!-- \/module buttons -->\n\t        <\/div>\n\t    \t<\/div>\n\t\t<div  data-lazy=\"1\" class=\"module_column tb-column col4-2 last tb_2b4135c tf_box\" >\n\t    \t    \t<\/div>\n\t\t    <\/div>\n\t    <!-- \/row_inner -->\n\t<\/div>\n\t<!-- \/module_row -->\n\t\t<!-- module_row -->\n\t<div   data-anchor=\"objetivo\" data-css_id=\"tb_81156b6\" data-lazy=\"1\" class=\"themify_builder_row module_row fullcover fullwidth tb_has_section tb_section-objetivo tb_81156b6 clearfix module_row_section\">\n\t    \t\t\t\t\t\t<div class=\"tf_abs tf_hide tb_row_frame tb_row_frame_bottom\"><\/div>\n\t\t\t\t\t\t\t    <div class=\"row_inner col_align_middle tf_box tf_w tf_rel\" >\n\t\t\t<div  data-lazy=\"1\" class=\"module_column tb-column col4-2 first tb_768f1d1 repeat tf_box\" >\n\t    \t    \t        <div class=\"tb-column-inner tf_box tf_w\">\n\t\t    <!-- module image -->\n<div  class=\"module module-image tb_68d30d6   image-center auto_fullwidth tf_mw\" data-lazy=\"1\" data-lax=\"true\" data-lax-anchor=\"self\" data-lax-optimize=\"true\" data-lax-translate-y=\"(vh*1) 0,(vh*0) -70\" data-lax-v-speed=\"1\" data-lax-no-op=\"true\">\n            <div class=\"image-wrap tf_rel tf_mw\">\n\t\t    <img loading=\"lazy\" src=\"https:\/\/femp.com.br\/wp-content\/uploads\/2020\/11\/ilustra-alvo-1-1024x621-670x406.png\" width=\"670\" height=\"406\" class=\"wp-post-image wp-image-77\" title=\"Target\" alt=\"Objetivo\" srcset=\"\" sizes=\"(max-width: 670px) 100vw, 670px\" data-srcset=\"\" \/>\t\n\t\t<\/div>\n\t<!-- \/image-wrap -->\n    \n    \n<\/div>\n<!-- \/module image -->\t        <\/div>\n\t    \t<\/div>\n\t\t<div  data-lazy=\"1\" class=\"module_column tb-column col4-2 last tb_9ea1e08 tf_box\" >\n\t    \t    \t        <div class=\"tb-column-inner tf_box tf_w\">\n\t\t    <!-- module text -->\n<div  class=\"module module-text tb_2682270  repeat\" data-lazy=\"1\">\n            <div  class=\"tb_text_wrap\">\n    <h1 style=\"text-align: right;\">TARGET<\/h1><p style=\"text-align: right;\">Develop innovative ways for entrepreneurs, startups, philanthropic organizations, and businesses to achieve their goals, by investing and providing consulting services in the areas of governance, digital transformation and public policy.<\/p>    <\/div>\n<\/div>\n<!-- \/module text -->\t        <\/div>\n\t    \t<\/div>\n\t\t    <\/div>\n\t    <!-- \/row_inner -->\n\t<\/div>\n\t<!-- \/module_row -->\n\t\t<!-- module_row -->\n\t<div   data-anchor=\"contato\" data-css_id=\"tb_87393eb\" data-lazy=\"1\" class=\"themify_builder_row module_row fullcover fullwidth_row_container tb_has_section tb_section-contato tb_87393eb clearfix module_row_section\">\n\t    \t\t\t\t\t\t<div class=\"tf_abs tf_hide tb_row_frame tb_row_frame_top\"><\/div>\n\t\t\t\t\t\t\t\t\t\t\t\t<div class=\"tf_abs tf_hide tb_row_frame tb_row_frame_bottom in_front\"><\/div>\n\t\t\t\t\t\t\t    <div class=\"row_inner col_align_middle tf_box tf_w tf_rel\" >\n\t\t\t<div  data-lazy=\"1\" class=\"module_column tb-column col-full first tb_d10857d tf_box\" >\n\t    \t    \t        <div class=\"tb-column-inner tf_box tf_w\">\n\t\t    <!-- module text -->\n<div  class=\"module module-text tb_82dd18a  repeat\" data-lazy=\"1\">\n            <div  class=\"tb_text_wrap\">\n    <h2>CONTACT<\/h2>    <\/div>\n<\/div>\n<!-- \/module text -->\t<div  data-lazy=\"1\" class=\"themify_builder_sub_row module_subrow tb_e27y421 tf_w clearfix\" >\n\t    \t    <div class=\"subrow_inner col_align_middle tf_box tf_w\" >\n\t\t\t<div  data-lazy=\"1\" class=\"sub_column module_column tf_box col3-1 first tb_rncm422\"> \n\t    \t    \t<\/div>\n\t\t<div  data-lazy=\"1\" class=\"sub_column module_column tf_box col3-1 middle tb_zluf422\"> \n\t    \t    \t        <div class=\"tb-column-inner tf_box tf_w\">\n\t\t    <!-- module text -->\n<div  class=\"module module-text tb_jaqu649\" data-lazy=\"1\">\n            <div  class=\"tb_text_wrap\">\n    <div role=\"form\" class=\"wpcf7\" id=\"wpcf7-f140-o1\" lang=\"pt-BR\" dir=\"ltr\">\n<div class=\"screen-reader-response\"><p role=\"status\" aria-live=\"polite\" aria-atomic=\"true\"> <ul><\/ul><\/div>\n<form action=\"\/en\/wp-json\/wp\/v2\/pages\/14#wpcf7-f140-o1\" method=\"post\" class=\"wpcf7-form init\" novalidate=\"novalidate\" data-status=\"init\" data-trp-original-action=\"\/en\/wp-json\/wp\/v2\/pages\/14#wpcf7-f140-o1\">\n<div style=\"display: none;\">\n<input type=\"hidden\" name=\"_wpcf7\" value=\"140\" \/>\n<input type=\"hidden\" name=\"_wpcf7_version\" value=\"5.4.2\" \/>\n<input type=\"hidden\" name=\"_wpcf7_locale\" value=\"pt_BR\" \/>\n<input type=\"hidden\" name=\"_wpcf7_unit_tag\" value=\"wpcf7-f140-o1\" \/>\n<input type=\"hidden\" name=\"_wpcf7_container_post\" value=\"0\" \/>\n<input type=\"hidden\" name=\"_wpcf7_posted_data_hash\" value=\"\" \/>\n<\/div>\n<p>Name: <span class=\"wpcf7-form-control-wrap nome\"><input type=\"text\" name=\"nome\" value=\"\" size=\"40\" class=\"wpcf7-form-control wpcf7-text wpcf7-validates-as-required\" aria-required=\"true\" aria-invalid=\"false\" \/><\/span><\/p>\n<p>E-mail: <span class=\"wpcf7-form-control-wrap email\"><input type=\"email\" name=\"email\" value=\"\" size=\"40\" class=\"wpcf7-form-control wpcf7-text wpcf7-email wpcf7-validates-as-required wpcf7-validates-as-email\" aria-required=\"true\" aria-invalid=\"false\" \/><\/span><\/p>\n<p>Message:<br><span class=\"wpcf7-form-control-wrap mensagem\"><textarea name=\"mensagem\" cols=\"40\" rows=\"6\" class=\"wpcf7-form-control wpcf7-textarea wpcf7-validates-as-required\" aria-required=\"true\" aria-invalid=\"false\"><\/textarea><\/span><\/p>\n<div class=\"cf7-cf-turnstile\" style=\"margin-top: 0px; margin-bottom: -15px;\"> <div id=\"cf-turnstile-cf7-1247045148\" class=\"cf-turnstile\" data-sitekey=\"0x4AAAAAAAzMmPQ6DyakrCds\" data-theme=\"light\" data-language=\"auto\" data-size=\"\" data-retry=\"auto\" data-retry-interval=\"1000\" data-refresh-expired=\"auto\" data-action=\"contact-form-7\" data-appearance=\"always\"><\/div> <script>document.addEventListener(\"DOMContentLoaded\", function() { setTimeout(function(){ var e=document.getElementById(\"cf-turnstile-cf7-1247045148\"); e&&!e.innerHTML.trim()&&(turnstile.remove(\"#cf-turnstile-cf7-1247045148\"), turnstile.render(\"#cf-turnstile-cf7-1247045148\", {sitekey:\"0x4AAAAAAAzMmPQ6DyakrCds\"})); }, 100); });<\/script> <br class=\"cf-turnstile-br cf-turnstile-br-cf7-1247045148\"> <style>#cf-turnstile-cf7-1247045148 { margin-left: -15px; }<\/style> <script>document.addEventListener(\"DOMContentLoaded\",function(){document.querySelectorAll('.wpcf7-form').forEach(function(e){e.addEventListener('submit',function(){if(document.getElementById('cf-turnstile-cf7-1247045148')){setTimeout(function(){turnstile.reset('#cf-turnstile-cf7-1247045148');},1000)}})})});<\/script> <\/div>\n<p><input type=\"submit\" value=\"Send\" class=\"wpcf7-form-control wpcf7-submit\" \/><\/p>\n<div class=\"wpcf7-response-output\" aria-hidden=\"true\"><\/div><input type=\"hidden\" name=\"trp-form-language\" value=\"en\"\/><\/form><\/div>    <\/div>\n<\/div>\n<!-- \/module text -->\t        <\/div>\n\t    \t<\/div>\n\t\t<div  data-lazy=\"1\" class=\"sub_column module_column tf_box col3-1 last tb_sg85423\"> \n\t    \t    \t<\/div>\n\t\t    <\/div>\n\t<\/div><!-- \/themify_builder_sub_row -->\n\t\t        <\/div>\n\t    \t<\/div>\n\t\t    <\/div>\n\t    <!-- \/row_inner -->\n\t<\/div>\n\t<!-- \/module_row -->\n\t\t<!-- module_row -->\n\t<div   data-anchor=\"identidade\" data-css_id=\"tb_av5e689\" data-lazy=\"1\" class=\"themify_builder_row module_row fullcover fullwidth tb_has_section tb_section-identidade tb_av5e689 clearfix module_row_section\">\n\t    \t    <div class=\"row_inner col_align_middle gutter-none col_auto_height tf_box tf_w tf_rel\"   data-basecol=\"2\" data-col_tablet=\"column-full\" data-col_tablet_landscape=\"column-full\" data-col_mobile=\"column-full\">\n\t\t\t<div  data-lazy=\"1\" class=\"module_column tb-column col4-3 first tb_1snv689 repeat tf_box\" >\n\t    \t    \t        <div class=\"tb-column-inner tf_box tf_w\">\n\t\t    <!-- module text -->\n<div  class=\"module module-text tb_ripo691  repeat\" data-lazy=\"1\">\n            <div  class=\"tb_text_wrap\">\n    <h1 style=\"text-align: left;\">Ens\u014d (\u5186\u76f8)<\/h1><p style=\"text-align: left;\">The ens\u014d symbolizes a moment when the mind is free to simply let the senses create. Its symbolism refers to the beginning and the end of all things, the circle of life and the connection of existence. It can symbolize emptiness or fullness, presence, or absence. All things may be contained or, on the contrary, excluded by their limits.<\/p>    <\/div>\n<\/div>\n<!-- \/module text -->\t        <\/div>\n\t    \t<\/div>\n\t\t<div  data-lazy=\"1\" class=\"module_column tb-column col4-1 last tb_cn0y691 tf_box\" >\n\t    \t    \t        <div class=\"tb-column-inner tf_box tf_w\">\n\t\t    <!-- module image -->\n<div  class=\"module module-image tb_74dq690   image-center tf_mw\" data-lazy=\"1\" data-lax=\"true\" data-lax-anchor=\"self\" data-lax-optimize=\"true\" data-lax-translate-y=\"(vh*1) 0,(vh*0) -70\" data-lax-v-speed=\"1\" data-lax-no-op=\"true\">\n            <div class=\"image-wrap tf_rel tf_mw\">\n\t\t    <img loading=\"lazy\" width=\"158\" height=\"148\" src=\"https:\/\/femp.com.br\/wp-content\/uploads\/2020\/11\/logo-femp-identidade.png\" class=\"wp-post-image wp-image-110\" title=\"FEMP ADMINISTRA\u00c7\u00c3O E PARTICIPA\u00c7\u00d5ES\" alt=\"FEMP ADMINISTRA\u00c7\u00c3O E PARTICIPA\u00c7\u00d5ES\">\t\n\t\t<\/div>\n\t<!-- \/image-wrap -->\n    \n    \n<\/div>\n<!-- \/module image -->\t        <\/div>\n\t    \t<\/div>\n\t\t    <\/div>\n\t    <!-- \/row_inner -->\n\t<\/div>\n\t<!-- \/module_row -->\n\t\t<!-- module_row -->\n\t<div   data-anchor=\"rodape\" data-css_id=\"tb_ea32531\" data-lazy=\"1\" class=\"themify_builder_row module_row fullcover fullwidth_row_container tb_has_section tb_section-rodape tb_ea32531 clearfix module_row_section\">\n\t    \t\t\t\t\t\t<div class=\"tf_abs tf_hide tb_row_frame tb_row_frame_top\"><\/div>\n\t\t\t\t\t\t\t\t\t\t\t\t<div class=\"tf_abs tf_hide tb_row_frame tb_row_frame_bottom in_front\"><\/div>\n\t\t\t\t\t\t\t    <div class=\"row_inner col_align_middle tf_box tf_w tf_rel\" >\n\t\t\t<div  data-lazy=\"1\" class=\"module_column tb-column col-full first tb_98z9532 tf_box\" >\n\t    \t    \t        <div class=\"tb-column-inner tf_box tf_w\">\n\t\t    <!-- module image -->\n<div  class=\"module module-image tb_2kpb475   image-center tf_mw\" data-lazy=\"1\">\n            <div class=\"image-wrap tf_rel tf_mw\">\n\t\t    <a href=\"\/en\/\"\n\t       \t       >\n\t\t   \t\t<img loading=\"lazy\" src=\"https:\/\/femp.com.br\/wp-content\/uploads\/2020\/11\/logo-femp-administracao-e-participacoes-cz-200x74.png\" width=\"200\" height=\"74\" class=\"wp-post-image wp-image-60\" title=\"FEMP ADMINISTRA\u00c7\u00c3O E PARTICIPA\u00c7\u00d5ES\" alt=\"FEMP ADMINISTRA\u00c7\u00c3O E PARTICIPA\u00c7\u00d5ES\" srcset=\"\" sizes=\"(max-width: 200px) 100vw, 200px\" data-srcset=\"\" \/>\t    <\/a>\n\t\n\t\t<\/div>\n\t<!-- \/image-wrap -->\n    \n    \n<\/div>\n<!-- \/module image --><!-- module text -->\n<div  class=\"module module-text tb_sxhu814  repeat\" data-lazy=\"1\">\n            <div  class=\"tb_text_wrap\">\n    <div class=\"footer-text tf_clear clearfix\"><div class=\"footer-text-inner\"><div class=\"one\" style=\"text-align: center;\">Copyright \u00a9 2025. Todos os direitos reservados \u00e0 FEMP Administra\u00e7\u00e3o e Participa\u00e7\u00f5es.<\/div><div class=\"two\" style=\"text-align: center;\">Developed by <a href=\"http:\/\/www.primaestudio.com.br\" target=\"_blank\" rel=\"noopener\">Prima Est\u00fadio<\/a><\/div><\/div><\/div>    <\/div>\n<\/div>\n<!-- \/module text -->\t        <\/div>\n\t    \t<\/div>\n\t\t    <\/div>\n\t    <!-- \/row_inner -->\n\t<\/div>\n\t<!-- \/module_row -->\n\t<\/div>","protected":false},"excerpt":{"rendered":"<p>Investindo no sucesso de empreendedores, startups, organiza\u00e7\u00f5es filantr\u00f3picas e neg\u00f3cios. Entre em Contato OBJETIVO Desenvolver formas diferenciadas para empreendedores, startups, organiza\u00e7\u00f5es filantr\u00f3picas e neg\u00f3cios atingirem seus objetivos, atrav\u00e9s de investimentos e consultoria nas \u00e1reas da governan\u00e7a, transforma\u00e7\u00e3o digital e pol\u00edticas p\u00fablica. CONTATO Ens\u014d (\u5186\u76f8) Na pintura zen budista, o ens\u014d simboliza um momento quando a [&hellip;]<\/p>\n","protected":false},"author":1,"featured_media":0,"parent":0,"menu_order":0,"comment_status":"closed","ping_status":"closed","template":"","meta":[],"_links":{"self":[{"href":"https:\/\/femp.com.br\/en\/wp-json\/wp\/v2\/pages\/14"}],"collection":[{"href":"https:\/\/femp.com.br\/en\/wp-json\/wp\/v2\/pages"}],"about":[{"href":"https:\/\/femp.com.br\/en\/wp-json\/wp\/v2\/types\/page"}],"author":[{"embeddable":true,"href":"https:\/\/femp.com.br\/en\/wp-json\/wp\/v2\/users\/1"}],"replies":[{"embeddable":true,"href":"https:\/\/femp.com.br\/en\/wp-json\/wp\/v2\/comments?post=14"}],"version-history":[{"count":10,"href":"https:\/\/femp.com.br\/en\/wp-json\/wp\/v2\/pages\/14\/revisions"}],"predecessor-version":[{"id":2679,"href":"https:\/\/femp.com.br\/en\/wp-json\/wp\/v2\/pages\/14\/revisions\/2679"}],"wp:attachment":[{"href":"https:\/\/femp.com.br\/en\/wp-json\/wp\/v2\/media?parent=14"}],"curies":[{"name":"wp","href":"https:\/\/api.w.org\/{rel}","templated":true}]}}